{"id":15835,"date":"2025-08-02T14:08:43","date_gmt":"2025-08-02T12:08:43","guid":{"rendered":"https:\/\/sellandspeak.com\/akademia\/?post_type=product&#038;p=15835"},"modified":"2026-01-11T20:58:21","modified_gmt":"2026-01-11T19:58:21","slug":"bevetel-duplazo-nap-tananyag","status":"publish","type":"product","link":"https:\/\/sellandspeak.com\/akademia\/termek\/bevetel-duplazo-nap-tananyag\/","title":{"rendered":"Bev\u00e9tel Dupl\u00e1z\u00f3 Nap tananyag"},"content":{"rendered":"","protected":false},"excerpt":{"rendered":"","protected":false},"featured_media":0,"template":"","meta":{"_acf_changed":false},"product_brand":[],"product_cat":[56],"product_tag":[],"class_list":{"0":"post-15835","1":"product","2":"type-product","3":"status-publish","5":"product_cat-online-tananyag","7":"first","8":"instock","9":"sale","10":"downloadable","11":"virtual","12":"taxable","13":"purchasable","14":"product-type-simple"},"acf":[],"_links":{"self":[{"href":"https:\/\/sellandspeak.com\/akademia\/wp-json\/wp\/v2\/product\/15835","targetHints":{"allow":["GET"]}}],"collection":[{"href":"https:\/\/sellandspeak.com\/akademia\/wp-json\/wp\/v2\/product"}],"about":[{"href":"https:\/\/sellandspeak.com\/akademia\/wp-json\/wp\/v2\/types\/product"}],"wp:attachment":[{"href":"https:\/\/sellandspeak.com\/akademia\/wp-json\/wp\/v2\/media?parent=15835"}],"wp:term":[{"taxonomy":"product_brand","embeddable":true,"href":"https:\/\/sellandspeak.com\/akademia\/wp-json\/wp\/v2\/product_brand?post=15835"},{"taxonomy":"product_cat","embeddable":true,"href":"https:\/\/sellandspeak.com\/akademia\/wp-json\/wp\/v2\/product_cat?post=15835"},{"taxonomy":"product_tag","embeddable":true,"href":"https:\/\/sellandspeak.com\/akademia\/wp-json\/wp\/v2\/product_tag?post=15835"}],"curies":[{"name":"wp","href":"https:\/\/api.w.org\/{rel}","templated":true}]}}