{"id":11229,"date":"2024-01-26T09:52:35","date_gmt":"2024-01-26T08:52:35","guid":{"rendered":"https:\/\/dev1.onlinebiznisz.hu\/?post_type=product&#038;p=11229"},"modified":"2024-04-19T11:54:36","modified_gmt":"2024-04-19T09:54:36","slug":"juss-el-a-ceged-novekedeseben-0-rol-100-ra","status":"publish","type":"product","link":"https:\/\/sellandspeak.com\/akademia\/termek\/juss-el-a-ceged-novekedeseben-0-rol-100-ra\/","title":{"rendered":"Juss el a c\u00e9ged n\u00f6veked\u00e9s\u00e9ben 0-r\u00f3l 100-ra"},"content":{"rendered":"","protected":false},"excerpt":{"rendered":"<p>Futsz a c\u00e9ged ut\u00e1n, nem tudod hogyan v\u00e1ltoztathatn\u00e1l rajta? Eleged van abb\u00f3l, hogy nem jut id\u0151 a c\u00e9ged fejleszt\u00e9s\u00e9re? Nincs kire deleg\u00e1lnod a tennival\u00f3kat?<\/p>\n","protected":false},"featured_media":11231,"template":"","meta":{"_acf_changed":false},"product_brand":[],"product_cat":[56],"product_tag":[],"class_list":{"0":"post-11229","1":"product","2":"type-product","3":"status-publish","4":"has-post-thumbnail","6":"product_cat-online-tananyag","7":"product_shipping_class-bankkartya","9":"first","10":"instock","11":"sale","12":"virtual","13":"sold-individually","14":"taxable","15":"purchasable","16":"product-type-course"},"acf":[],"_links":{"self":[{"href":"https:\/\/sellandspeak.com\/akademia\/wp-json\/wp\/v2\/product\/11229","targetHints":{"allow":["GET"]}}],"collection":[{"href":"https:\/\/sellandspeak.com\/akademia\/wp-json\/wp\/v2\/product"}],"about":[{"href":"https:\/\/sellandspeak.com\/akademia\/wp-json\/wp\/v2\/types\/product"}],"wp:featuredmedia":[{"embeddable":true,"href":"https:\/\/sellandspeak.com\/akademia\/wp-json\/wp\/v2\/media\/11231"}],"wp:attachment":[{"href":"https:\/\/sellandspeak.com\/akademia\/wp-json\/wp\/v2\/media?parent=11229"}],"wp:term":[{"taxonomy":"product_brand","embeddable":true,"href":"https:\/\/sellandspeak.com\/akademia\/wp-json\/wp\/v2\/product_brand?post=11229"},{"taxonomy":"product_cat","embeddable":true,"href":"https:\/\/sellandspeak.com\/akademia\/wp-json\/wp\/v2\/product_cat?post=11229"},{"taxonomy":"product_tag","embeddable":true,"href":"https:\/\/sellandspeak.com\/akademia\/wp-json\/wp\/v2\/product_tag?post=11229"}],"curies":[{"name":"wp","href":"https:\/\/api.w.org\/{rel}","templated":true}]}}